{"id":205,"date":"2026-03-06T08:39:55","date_gmt":"2026-03-06T08:39:55","guid":{"rendered":"https:\/\/www.energel.ee\/privaatsuspoliitika\/"},"modified":"2026-03-06T09:19:41","modified_gmt":"2026-03-06T09:19:41","slug":"privacy-policy","status":"publish","type":"page","link":"https:\/\/www.energel.ee\/en\/privaatsuspoliitika\/","title":{"rendered":"Privacy Policy"},"content":{"rendered":"<p>Energel Estonia O\u00dc (registry code: 12345678) respects your privacy and protects your personal data in accordance with the European Union General Data Protection Regulation (GDPR) and the Estonian Personal Data Protection Act.<\/p>\n<h3>Data collected<\/h3>\n<p>We collect personal data that you voluntarily provide to us \u2014 for example, when filling out a contact form, requesting a quote, or communicating with us by email. The data collected may include:<\/p>\n<ul>\n<li>First and last name<\/li>\n<li>Email address<\/li>\n<li>Phone number<\/li>\n<li>Company name and address<\/li>\n<li>Message content<\/li>\n<\/ul>\n<h3>Use of data<\/h3>\n<p>We use the collected personal data for the following purposes:<\/p>\n<ul>\n<li>Responding to your inquiries<\/li>\n<li>Preparing quotations<\/li>\n<li>Fulfilling contracts<\/li>\n<li>Fulfilling legal obligations<\/li>\n<\/ul>\n<h3>Data retention<\/h3>\n<p>We retain your personal data for as long as it is necessary to fulfill the purpose or to comply with legal obligations.<\/p>\n<h3>Your rights<\/h3>\n<p>You have the right at any time to access your personal data, request their correction, deletion, or restriction of processing. To submit requests, please contact us at <a href=\"mailto:info@energel.ee\">info@energel.ee<\/a>.<\/p>\n<h3>Contact<\/h3>\n<p>For data protection related questions, please contact us:<br \/>\nEnergel Estonia O\u00dc<br \/>\nEmail: info@energel.ee<\/p>","protected":false},"excerpt":{"rendered":"<p>Energel Estonia O\u00dc (registrikood: 12345678) austab teie privaatsust ja kaitseb teie isikuandmeid vastavalt Euroopa Liidu isikuandmete kaitse \u00fcldm\u00e4\u00e4rusele (GDPR) ning Eesti isikuandmete kaitse seadusele. Kogutavad&hellip;<\/p>","protected":false},"author":2,"featured_media":0,"parent":0,"menu_order":0,"comment_status":"closed","ping_status":"closed","template":"","meta":{"_acf_changed":false,"footnotes":""},"class_list":["post-205","page","type-page","status-publish","hentry"],"acf":[],"_links":{"self":[{"href":"https:\/\/www.energel.ee\/en\/wp-json\/wp\/v2\/pages\/205","targetHints":{"allow":["GET"]}}],"collection":[{"href":"https:\/\/www.energel.ee\/en\/wp-json\/wp\/v2\/pages"}],"about":[{"href":"https:\/\/www.energel.ee\/en\/wp-json\/wp\/v2\/types\/page"}],"author":[{"embeddable":true,"href":"https:\/\/www.energel.ee\/en\/wp-json\/wp\/v2\/users\/2"}],"replies":[{"embeddable":true,"href":"https:\/\/www.energel.ee\/en\/wp-json\/wp\/v2\/comments?post=205"}],"version-history":[{"count":1,"href":"https:\/\/www.energel.ee\/en\/wp-json\/wp\/v2\/pages\/205\/revisions"}],"predecessor-version":[{"id":207,"href":"https:\/\/www.energel.ee\/en\/wp-json\/wp\/v2\/pages\/205\/revisions\/207"}],"wp:attachment":[{"href":"https:\/\/www.energel.ee\/en\/wp-json\/wp\/v2\/media?parent=205"}],"curies":[{"name":"wp","href":"https:\/\/api.w.org\/{rel}","templated":true}]}}