{"id":206,"date":"2026-03-06T08:39:55","date_gmt":"2026-03-06T08:39:55","guid":{"rendered":"https:\/\/www.energel.ee\/kupsisepoliitika\/"},"modified":"2026-03-06T09:20:03","modified_gmt":"2026-03-06T09:20:03","slug":"cookie-policy","status":"publish","type":"page","link":"https:\/\/www.energel.ee\/en\/kupsisepoliitika\/","title":{"rendered":"Cookie Policy"},"content":{"rendered":"<p>The Energel Estonia O\u00dc website energel.ee uses cookies to improve user experience and analyze website visits.<\/p>\n<h3>What are cookies?<\/h3>\n<p>Cookies are small text files that a website stores on your device. They help the website remember your preferences and provide a better user experience.<\/p>\n<h3>Cookies used<\/h3>\n<h4>Essential cookies<\/h4>\n<p>These cookies are necessary for the website to function. Without them, certain features cannot work. These cookies do not collect information that can be used for marketing.<\/p>\n<h4>Analytical cookies<\/h4>\n<p>These cookies help us understand how visitors use our website \u2013 which pages are visited and how they arrived at the website. All data is anonymized.<\/p>\n<h4>Functional cookies<\/h4>\n<p>These cookies allow the website to remember your choices (such as language settings) and provide enhanced features.<\/p>\n<h3>Managing cookies<\/h3>\n<p>You can disable or delete cookies through your browser settings. Please note that disabling cookies may affect website functionality.<\/p>\n<h3>Contact<\/h3>\n<p>For cookie-related questions, please contact us:<br \/>\nEnergel Estonia O\u00dc<br \/>\nEmail: info@energel.ee<\/p>","protected":false},"excerpt":{"rendered":"<p>Energel Estonia O\u00dc veebisait energel.ee kasutab k\u00fcpsiseid (cookies), et parandada kasutajakogemust ja anal\u00fc\u00fcsida veebisaidi k\u00fclastusi. Mis on k\u00fcpsised? K\u00fcpsised on v\u00e4ikesed tekstifailid, mida veebisait salvestab&hellip;<\/p>","protected":false},"author":2,"featured_media":0,"parent":0,"menu_order":0,"comment_status":"closed","ping_status":"closed","template":"","meta":{"_acf_changed":false,"footnotes":""},"class_list":["post-206","page","type-page","status-publish","hentry"],"acf":[],"_links":{"self":[{"href":"https:\/\/www.energel.ee\/en\/wp-json\/wp\/v2\/pages\/206","targetHints":{"allow":["GET"]}}],"collection":[{"href":"https:\/\/www.energel.ee\/en\/wp-json\/wp\/v2\/pages"}],"about":[{"href":"https:\/\/www.energel.ee\/en\/wp-json\/wp\/v2\/types\/page"}],"author":[{"embeddable":true,"href":"https:\/\/www.energel.ee\/en\/wp-json\/wp\/v2\/users\/2"}],"replies":[{"embeddable":true,"href":"https:\/\/www.energel.ee\/en\/wp-json\/wp\/v2\/comments?post=206"}],"version-history":[{"count":1,"href":"https:\/\/www.energel.ee\/en\/wp-json\/wp\/v2\/pages\/206\/revisions"}],"predecessor-version":[{"id":208,"href":"https:\/\/www.energel.ee\/en\/wp-json\/wp\/v2\/pages\/206\/revisions\/208"}],"wp:attachment":[{"href":"https:\/\/www.energel.ee\/en\/wp-json\/wp\/v2\/media?parent=206"}],"curies":[{"name":"wp","href":"https:\/\/api.w.org\/{rel}","templated":true}]}}