{"id":205,"date":"2026-03-06T08:39:55","date_gmt":"2026-03-06T08:39:55","guid":{"rendered":"https:\/\/www.energel.ee\/privaatsuspoliitika\/"},"modified":"2026-03-06T09:19:41","modified_gmt":"2026-03-06T09:19:41","slug":"konfidencialitates-politika","status":"publish","type":"page","link":"https:\/\/www.energel.ee\/lv\/privaatsuspoliitika\/","title":{"rendered":"Konfidencialit\u0101tes politika"},"content":{"rendered":"<p>Energel Estonia O\u00dc (re\u0123istr\u0101cijas numurs: 12345678) ciena j\u016bsu priv\u0101tumu un aizsarg\u0101 j\u016bsu personas datus saska\u0146\u0101 ar Eiropas Savien\u012bbas Visp\u0101r\u012bgo datu aizsardz\u012bbas regulu (GDPR) un Igaunijas personas datu aizsardz\u012bbas likumu.<\/p>\n<h3>V\u0101camie dati<\/h3>\n<p>M\u0113s v\u0101cam personas datus, ko j\u016bs mums pats sniedzat \u2014 piem\u0113ram, aizpildot kontaktformu, pieprasot pied\u0101v\u0101jumu vai sazinoties ar mums pa e-pastu. V\u0101camie dati var ietvert:<\/p>\n<ul>\n<li>V\u0101rds un uzv\u0101rds<\/li>\n<li>E-pasta adrese<\/li>\n<li>T\u0101lru\u0146a numurs<\/li>\n<li>Uz\u0146\u0113muma nosaukums un adrese<\/li>\n<li>Zi\u0146ojuma saturs<\/li>\n<\/ul>\n<h3>Datu izmanto\u0161ana<\/h3>\n<p>Sav\u0101ktos personas datus izmantojam \u0161\u0101diem m\u0113r\u0137iem:<\/p>\n<ul>\n<li>Atbild\u0113\u0161anai uz j\u016bsu piepras\u012bjumiem<\/li>\n<li>Pied\u0101v\u0101jumu sagatavo\u0161anai<\/li>\n<li>L\u012bgumu izpildei<\/li>\n<li>Likum\u012bgo pien\u0101kumu izpildei<\/li>\n<\/ul>\n<h3>Datu glab\u0101\u0161ana<\/h3>\n<p>M\u0113s glab\u0101jam j\u016bsu personas datus tik ilgi, cik tas ir nepiecie\u0161ams m\u0113r\u0137a sasnieg\u0161anai vai likum\u0101 noteikt\u0101 pien\u0101kuma izpildei.<\/p>\n<h3>J\u016bsu ties\u012bbas<\/h3>\n<p>Jums ir ties\u012bbas jebkur\u0101 laik\u0101 iepaz\u012bties ar saviem personas datiem, piepras\u012bt to labo\u0161anu, dz\u0113\u0161anu vai apstr\u0101des ierobe\u017eo\u0161anu. Piepras\u012bjumu iesnieg\u0161anai sazinieties ar mums: <a href=\"mailto:info@energel.ee\">info@energel.ee<\/a>.<\/p>\n<h3>Kontakti<\/h3>\n<p>Jaut\u0101jumu gad\u012bjum\u0101 par datu aizsardz\u012bbu sazinieties ar mums:<br \/>\nEnergel Estonia O\u00dc<br \/>\nE-pasts: info@energel.ee<\/p>","protected":false},"excerpt":{"rendered":"<p>Energel Estonia O\u00dc (registrikood: 12345678) austab teie privaatsust ja kaitseb teie isikuandmeid vastavalt Euroopa Liidu isikuandmete kaitse \u00fcldm\u00e4\u00e4rusele (GDPR) ning Eesti isikuandmete kaitse seadusele. Kogutavad&hellip;<\/p>","protected":false},"author":2,"featured_media":0,"parent":0,"menu_order":0,"comment_status":"closed","ping_status":"closed","template":"","meta":{"_acf_changed":false,"footnotes":""},"class_list":["post-205","page","type-page","status-publish","hentry"],"acf":[],"_links":{"self":[{"href":"https:\/\/www.energel.ee\/lv\/wp-json\/wp\/v2\/pages\/205","targetHints":{"allow":["GET"]}}],"collection":[{"href":"https:\/\/www.energel.ee\/lv\/wp-json\/wp\/v2\/pages"}],"about":[{"href":"https:\/\/www.energel.ee\/lv\/wp-json\/wp\/v2\/types\/page"}],"author":[{"embeddable":true,"href":"https:\/\/www.energel.ee\/lv\/wp-json\/wp\/v2\/users\/2"}],"replies":[{"embeddable":true,"href":"https:\/\/www.energel.ee\/lv\/wp-json\/wp\/v2\/comments?post=205"}],"version-history":[{"count":1,"href":"https:\/\/www.energel.ee\/lv\/wp-json\/wp\/v2\/pages\/205\/revisions"}],"predecessor-version":[{"id":207,"href":"https:\/\/www.energel.ee\/lv\/wp-json\/wp\/v2\/pages\/205\/revisions\/207"}],"wp:attachment":[{"href":"https:\/\/www.energel.ee\/lv\/wp-json\/wp\/v2\/media?parent=205"}],"curies":[{"name":"wp","href":"https:\/\/api.w.org\/{rel}","templated":true}]}}