{"id":206,"date":"2026-03-06T08:39:55","date_gmt":"2026-03-06T08:39:55","guid":{"rendered":"https:\/\/www.energel.ee\/kupsisepoliitika\/"},"modified":"2026-03-06T09:20:03","modified_gmt":"2026-03-06T09:20:03","slug":"sikdatnu-politika","status":"publish","type":"page","link":"https:\/\/www.energel.ee\/lv\/kupsisepoliitika\/","title":{"rendered":"S\u012bkdat\u0146u politika"},"content":{"rendered":"<p>Energel Estonia O\u00dc m\u0101jaslapa energel.ee izmanto s\u012bkdatnes (cookies), lai uzlabotu lietot\u0101ja pieredzi un analiz\u0113tu m\u0101jaslapas apmekl\u0113jumus.<\/p>\n<h3>Kas ir s\u012bkdatnes?<\/h3>\n<p>S\u012bkdatnes ir nelieli teksta faili, ko m\u0101jaslapa saglab\u0101 j\u016bsu ier\u012bc\u0113. Tie pal\u012bdz m\u0101jaslapai atcer\u0113ties j\u016bsu preferences un nodro\u0161in\u0101t lab\u0101ku lietot\u0101ja pieredzi.<\/p>\n<h3>Izmantot\u0101s s\u012bkdatnes<\/h3>\n<h4>Oblig\u0101t\u0101s s\u012bkdatnes<\/h4>\n<p>\u0160\u012bs s\u012bkdatnes ir nepiecie\u0161amas m\u0101jaslapas darb\u012bbai. Bez t\u0101m noteiktas funkcijas nevar darboties. \u0160\u012bs s\u012bkdatnes nev\u0101c inform\u0101ciju, ko var\u0113tu izmantot m\u0101rketingam.<\/p>\n<h4>Anal\u012btisk\u0101s s\u012bkdatnes<\/h4>\n<p>\u0160\u012bs s\u012bkdatnes pal\u012bdz mums saprast, k\u0101 apmekl\u0113t\u0101ji izmanto m\u016bsu m\u0101jaslapu \u2014 kuras lapas tiek apmekl\u0113tas un k\u0101 tika non\u0101kts uz m\u0101jaslapu. Visi dati ir anonimiz\u0113ti.<\/p>\n<h4>Funkcion\u0101l\u0101s s\u012bkdatnes<\/h4>\n<p>\u0160\u012bs s\u012bkdatnes \u013cauj m\u0101jaslapai atcer\u0113ties j\u016bsu izdar\u012bt\u0101s izv\u0113les (piem., valodas iestat\u012bjumus) un nodro\u0161in\u0101t uzlabotas funkcijas.<\/p>\n<h3>S\u012bkdat\u0146u p\u0101rvald\u012b\u0161ana<\/h3>\n<p>J\u016bs varat aizliegt vai dz\u0113st s\u012bkdatnes, izmantojot p\u0101rl\u016bkprogrammas iestat\u012bjumus. L\u016bdzu, \u0146emiet v\u0113r\u0101, ka s\u012bkdat\u0146u aizlieg\u0161ana var ietekm\u0113t m\u0101jaslapas funkcionalit\u0101ti.<\/p>\n<h3>Kontakti<\/h3>\n<p>Jaut\u0101jumu gad\u012bjum\u0101 par s\u012bkdatn\u0113m sazinieties ar mums:<br \/>\nEnergel Estonia O\u00dc<br \/>\nE-pasts: info@energel.ee<\/p>","protected":false},"excerpt":{"rendered":"<p>Energel Estonia O\u00dc veebisait energel.ee kasutab k\u00fcpsiseid (cookies), et parandada kasutajakogemust ja anal\u00fc\u00fcsida veebisaidi k\u00fclastusi. Mis on k\u00fcpsised? K\u00fcpsised on v\u00e4ikesed tekstifailid, mida veebisait salvestab&hellip;<\/p>","protected":false},"author":2,"featured_media":0,"parent":0,"menu_order":0,"comment_status":"closed","ping_status":"closed","template":"","meta":{"_acf_changed":false,"footnotes":""},"class_list":["post-206","page","type-page","status-publish","hentry"],"acf":[],"_links":{"self":[{"href":"https:\/\/www.energel.ee\/lv\/wp-json\/wp\/v2\/pages\/206","targetHints":{"allow":["GET"]}}],"collection":[{"href":"https:\/\/www.energel.ee\/lv\/wp-json\/wp\/v2\/pages"}],"about":[{"href":"https:\/\/www.energel.ee\/lv\/wp-json\/wp\/v2\/types\/page"}],"author":[{"embeddable":true,"href":"https:\/\/www.energel.ee\/lv\/wp-json\/wp\/v2\/users\/2"}],"replies":[{"embeddable":true,"href":"https:\/\/www.energel.ee\/lv\/wp-json\/wp\/v2\/comments?post=206"}],"version-history":[{"count":1,"href":"https:\/\/www.energel.ee\/lv\/wp-json\/wp\/v2\/pages\/206\/revisions"}],"predecessor-version":[{"id":208,"href":"https:\/\/www.energel.ee\/lv\/wp-json\/wp\/v2\/pages\/206\/revisions\/208"}],"wp:attachment":[{"href":"https:\/\/www.energel.ee\/lv\/wp-json\/wp\/v2\/media?parent=206"}],"curies":[{"name":"wp","href":"https:\/\/api.w.org\/{rel}","templated":true}]}}